{"id":6,"date":"2025-06-03T07:50:42","date_gmt":"2025-06-03T07:50:42","guid":{"rendered":"https:\/\/salondebellezaainaraygina.rkinformatika.online\/?page_id=6"},"modified":"2025-06-13T08:37:10","modified_gmt":"2025-06-13T08:37:10","slug":"inicio","status":"publish","type":"page","link":"https:\/\/salondebellezaainaraygina.com\/eu\/","title":{"rendered":"Hasiera"},"content":{"rendered":"<div data-elementor-type=\"wp-page\" data-elementor-id=\"6\" class=\"elementor elementor-6\" data-elementor-post-type=\"page\">\n\t\t\t\t\t\t<section class=\"elementor-section elementor-top-section elementor-element elementor-element-c76481b elementor-section-boxed elementor-section-height-default elementor-section-height-default\" data-id=\"c76481b\" data-element_type=\"section\" data-e-type=\"section\" data-settings=\"{&quot;background_background&quot;:&quot;classic&quot;}\">\n\t\t\t\t\t\t\t<div class=\"elementor-background-overlay\"><\/div>\n\t\t\t\t\t\t\t<div class=\"elementor-container elementor-column-gap-default\">\n\t\t\t\t\t<div class=\"elementor-column elementor-col-100 elementor-top-column elementor-element elementor-element-9de1daa\" data-id=\"9de1daa\" data-element_type=\"column\" data-e-type=\"column\">\n\t\t\t<div class=\"elementor-widget-wrap\">\n\t\t\t\t\t\t\t<\/div>\n\t\t<\/div>\n\t\t\t\t\t<\/div>\n\t\t<\/section>\n\t\t<div class=\"elementor-element elementor-element-20f0066 e-flex e-con-boxed e-con e-parent\" data-id=\"20f0066\" data-element_type=\"container\" data-e-type=\"container\" data-settings=\"{&quot;background_background&quot;:&quot;classic&quot;}\">\n\t\t\t\t\t<div class=\"e-con-inner\">\n\t\t<div class=\"elementor-element elementor-element-e235e1c e-con-full e-flex e-con e-child\" data-id=\"e235e1c\" data-element_type=\"container\" data-e-type=\"container\" data-settings=\"{&quot;background_background&quot;:&quot;classic&quot;}\">\n\t\t\t\t<div class=\"elementor-element elementor-element-98ec23c elementor-widget elementor-widget-image\" data-id=\"98ec23c\" data-element_type=\"widget\" data-e-type=\"widget\" data-widget_type=\"image.default\">\n\t\t\t\t<div class=\"elementor-widget-container\">\n\t\t\t\t\t\t\t\t\t\t\t\t\t\t\t<img fetchpriority=\"high\" decoding=\"async\" width=\"1920\" height=\"2560\" src=\"https:\/\/salondebellezaainaraygina.com\/wp-content\/uploads\/2025\/06\/IMG_2598-Gina-Melisa-Echeverry-alvarez-scaled.jpeg\" class=\"elementor-animation-grow attachment-full size-full wp-image-93\" alt=\"\" srcset=\"https:\/\/salondebellezaainaraygina.com\/wp-content\/uploads\/2025\/06\/IMG_2598-Gina-Melisa-Echeverry-alvarez-scaled.jpeg 1920w, https:\/\/salondebellezaainaraygina.com\/wp-content\/uploads\/2025\/06\/IMG_2598-Gina-Melisa-Echeverry-alvarez-225x300.jpeg 225w, https:\/\/salondebellezaainaraygina.com\/wp-content\/uploads\/2025\/06\/IMG_2598-Gina-Melisa-Echeverry-alvarez-768x1024.jpeg 768w, https:\/\/salondebellezaainaraygina.com\/wp-content\/uploads\/2025\/06\/IMG_2598-Gina-Melisa-Echeverry-alvarez-1152x1536.jpeg 1152w, https:\/\/salondebellezaainaraygina.com\/wp-content\/uploads\/2025\/06\/IMG_2598-Gina-Melisa-Echeverry-alvarez-1536x2048.jpeg 1536w, https:\/\/salondebellezaainaraygina.com\/wp-content\/uploads\/2025\/06\/IMG_2598-Gina-Melisa-Echeverry-alvarez-9x12.jpeg 9w\" sizes=\"(max-width: 1920px) 100vw, 1920px\" \/>\t\t\t\t\t\t\t\t\t\t\t\t\t\t\t<\/div>\n\t\t\t\t<\/div>\n\t\t\t\t<div class=\"elementor-element elementor-element-3bc32aa elementor-hidden-mobile elementor-widget elementor-widget-image\" data-id=\"3bc32aa\" data-element_type=\"widget\" data-e-type=\"widget\" data-widget_type=\"image.default\">\n\t\t\t\t<div class=\"elementor-widget-container\">\n\t\t\t\t\t\t\t\t\t\t\t\t\t\t\t<img decoding=\"async\" width=\"1920\" height=\"2560\" src=\"https:\/\/salondebellezaainaraygina.com\/wp-content\/uploads\/2025\/06\/IMG_0641-Gina-Melisa-Echeverry-alvarez-scaled.jpeg\" class=\"elementor-animation-grow attachment-full size-full wp-image-90\" alt=\"\" srcset=\"https:\/\/salondebellezaainaraygina.com\/wp-content\/uploads\/2025\/06\/IMG_0641-Gina-Melisa-Echeverry-alvarez-scaled.jpeg 1920w, https:\/\/salondebellezaainaraygina.com\/wp-content\/uploads\/2025\/06\/IMG_0641-Gina-Melisa-Echeverry-alvarez-225x300.jpeg 225w, https:\/\/salondebellezaainaraygina.com\/wp-content\/uploads\/2025\/06\/IMG_0641-Gina-Melisa-Echeverry-alvarez-768x1024.jpeg 768w, https:\/\/salondebellezaainaraygina.com\/wp-content\/uploads\/2025\/06\/IMG_0641-Gina-Melisa-Echeverry-alvarez-1152x1536.jpeg 1152w, https:\/\/salondebellezaainaraygina.com\/wp-content\/uploads\/2025\/06\/IMG_0641-Gina-Melisa-Echeverry-alvarez-1536x2048.jpeg 1536w, https:\/\/salondebellezaainaraygina.com\/wp-content\/uploads\/2025\/06\/IMG_0641-Gina-Melisa-Echeverry-alvarez-9x12.jpeg 9w\" sizes=\"(max-width: 1920px) 100vw, 1920px\" \/>\t\t\t\t\t\t\t\t\t\t\t\t\t\t\t<\/div>\n\t\t\t\t<\/div>\n\t\t\t\t<\/div>\n\t\t<div class=\"elementor-element elementor-element-a7d0a2c e-con-full e-flex e-con e-child\" data-id=\"a7d0a2c\" data-element_type=\"container\" data-e-type=\"container\">\n\t\t<div class=\"elementor-element elementor-element-aed063d e-con-full e-flex e-con e-child\" data-id=\"aed063d\" data-element_type=\"container\" data-e-type=\"container\">\n\t\t\t\t<div class=\"elementor-element elementor-element-b6c4c2a elementor-invisible elementor-widget elementor-widget-heading\" data-id=\"b6c4c2a\" data-element_type=\"widget\" data-e-type=\"widget\" data-settings=\"{&quot;_animation&quot;:&quot;fadeIn&quot;,&quot;_animation_delay&quot;:50}\" data-widget_type=\"heading.default\">\n\t\t\t\t<div class=\"elementor-widget-container\">\n\t\t\t\t\t<h2 class=\"elementor-heading-title elementor-size-default\">Guri buruz<\/h2>\t\t\t\t<\/div>\n\t\t\t\t<\/div>\n\t\t\t\t<div class=\"elementor-element elementor-element-a5bf827 elementor-invisible elementor-widget elementor-widget-heading\" data-id=\"a5bf827\" data-element_type=\"widget\" data-e-type=\"widget\" data-settings=\"{&quot;_animation&quot;:&quot;fadeIn&quot;,&quot;_animation_delay&quot;:100}\" data-widget_type=\"heading.default\">\n\t\t\t\t<div class=\"elementor-widget-container\">\n\t\t\t\t\t<h2 class=\"elementor-heading-title elementor-size-default\">Zure ilerako leku egokia<\/h2>\t\t\t\t<\/div>\n\t\t\t\t<\/div>\n\t\t\t\t<div class=\"elementor-element elementor-element-6142af6 elementor-widget elementor-widget-text-editor\" data-id=\"6142af6\" data-element_type=\"widget\" data-e-type=\"widget\" data-widget_type=\"text-editor.default\">\n\t\t\t\t<div class=\"elementor-widget-container\">\n\t\t\t\t\t\t\t\t\t<p>Ilearen zaintzarekin konprometitutako edertasun zentro bat gara. Tratamenduetan, ebaketan eta koloratzean espezializatuak<\/p>\t\t\t\t\t\t\t\t<\/div>\n\t\t\t\t<\/div>\n\t\t\t\t<div class=\"elementor-element elementor-element-fe471ed elementor-widget elementor-widget-text-editor\" data-id=\"fe471ed\" data-element_type=\"widget\" data-e-type=\"widget\" data-widget_type=\"text-editor.default\">\n\t\t\t\t<div class=\"elementor-widget-container\">\n\t\t\t\t\t\t\t\t\t<p>Urte askoan elkarrekin lan egin ondoren, 2020an geure proiektua sortzea erabaki genuen. Balio nagusia ilearen zaintza eta osasuna da. Ibilbideko urte hauetan, gure abalik handiena gure bezeroek gugan jartzen duten konfiantza da. Gure lanbidearen berririk eta aurreratuena eskaini ahal izateko prestatzen jarraitzen dugu, betiere bezero bakoitzaren beharrak asetzeko helburuarekin.<\/p>\t\t\t\t\t\t\t\t<\/div>\n\t\t\t\t<\/div>\n\t\t\t\t<\/div>\n\t\t\t\t<\/div>\n\t\t\t\t\t<\/div>\n\t\t\t\t<\/div>\n\t\t<div class=\"elementor-element elementor-element-fe29dee e-flex e-con-boxed e-con e-parent\" data-id=\"fe29dee\" data-element_type=\"container\" data-e-type=\"container\" data-settings=\"{&quot;background_background&quot;:&quot;classic&quot;}\">\n\t\t\t\t\t<div class=\"e-con-inner\">\n\t\t\t\t<div class=\"elementor-element elementor-element-ef8acaa elementor-invisible elementor-widget elementor-widget-heading\" data-id=\"ef8acaa\" data-element_type=\"widget\" data-e-type=\"widget\" data-settings=\"{&quot;_animation&quot;:&quot;fadeInRight&quot;}\" data-widget_type=\"heading.default\">\n\t\t\t\t<div class=\"elementor-widget-container\">\n\t\t\t\t\t<h2 class=\"elementor-heading-title elementor-size-default\">Balayage, Babylights eta Klasikoak. Ezagutu gure teknikak eta berritu zure look-a!<\/h2>\t\t\t\t<\/div>\n\t\t\t\t<\/div>\n\t\t\t\t<div class=\"elementor-element elementor-element-2650e52 elementor-align-center elementor-invisible elementor-widget elementor-widget-button\" data-id=\"2650e52\" data-element_type=\"widget\" data-e-type=\"widget\" data-settings=\"{&quot;_animation&quot;:&quot;fadeInLeft&quot;}\" data-widget_type=\"button.default\">\n\t\t\t\t<div class=\"elementor-widget-container\">\n\t\t\t\t\t\t\t\t\t<div class=\"elementor-button-wrapper\">\n\t\t\t\t\t<a class=\"elementor-button elementor-button-link elementor-size-sm elementor-animation-push\" href=\"\/eu\/servicios\/\">\n\t\t\t\t\t\t<span class=\"elementor-button-content-wrapper\">\n\t\t\t\t\t\t\t\t\t<span class=\"elementor-button-text\">Zerbitzuak<\/span>\n\t\t\t\t\t<\/span>\n\t\t\t\t\t<\/a>\n\t\t\t\t<\/div>\n\t\t\t\t\t\t\t\t<\/div>\n\t\t\t\t<\/div>\n\t\t\t\t\t<\/div>\n\t\t\t\t<\/div>\n\t\t\t\t<\/div>","protected":false},"excerpt":{"rendered":"<p>Sobre nosotros El lugar adecuado para tu cabello Somos un centro de belleza comprometidas con el cuidado del cabello. Especializadas en tratamientos, corte y coloraci\u00f3n Despu\u00e9s de muchos a\u00f1os de trabajar juntas nos decidimos a fundar nuestro propio proyecto, en el a\u00f1o 2020. En el que el principal valor es el cuidado y la Salud [&hellip;]<\/p>\n","protected":false},"author":1,"featured_media":0,"parent":0,"menu_order":0,"comment_status":"closed","ping_status":"closed","template":"elementor_canvas","meta":{"footnotes":""},"class_list":["post-6","page","type-page","status-publish","hentry"],"yoast_head":"<!-- This site is optimized with the Yoast SEO plugin v27.3 - https:\/\/yoast.com\/product\/yoast-seo-wordpress\/ -->\n<title>Inicio - Sal\u00f3n de belleza Gina \/ Ainara<\/title>\n<meta name=\"robots\" content=\"index, follow, max-snippet:-1, max-image-preview:large, max-video-preview:-1\" \/>\n<link rel=\"canonical\" href=\"https:\/\/salondebellezaainaraygina.com\/eu\/\" \/>\n<meta property=\"og:locale\" content=\"en_US\" \/>\n<meta property=\"og:type\" content=\"article\" \/>\n<meta property=\"og:title\" content=\"Inicio - Sal\u00f3n de belleza Gina \/ Ainara\" \/>\n<meta property=\"og:description\" content=\"Sobre nosotros El lugar adecuado para tu cabello Somos un centro de belleza comprometidas con el cuidado del cabello. Especializadas en tratamientos, corte y coloraci\u00f3n Despu\u00e9s de muchos a\u00f1os de trabajar juntas nos decidimos a fundar nuestro propio proyecto, en el a\u00f1o 2020. En el que el principal valor es el cuidado y la Salud [&hellip;]\" \/>\n<meta property=\"og:url\" content=\"https:\/\/salondebellezaainaraygina.com\/eu\/\" \/>\n<meta property=\"og:site_name\" content=\"Sal\u00f3n de belleza Gina \/ Ainara\" \/>\n<meta property=\"article:modified_time\" content=\"2025-06-13T08:37:10+00:00\" \/>\n<meta property=\"og:image\" content=\"https:\/\/salondebellezaainaraygina.com\/wp-content\/uploads\/2025\/06\/IMG_2598-Gina-Melisa-Echeverry-alvarez-scaled.jpeg\" \/>\n<meta name=\"twitter:card\" content=\"summary_large_image\" \/>\n<meta name=\"twitter:label1\" content=\"Est. reading time\" \/>\n\t<meta name=\"twitter:data1\" content=\"1 minutua\" \/>\n<script type=\"application\/ld+json\" class=\"yoast-schema-graph\">{\"@context\":\"https:\\\/\\\/schema.org\",\"@graph\":[{\"@type\":\"WebPage\",\"@id\":\"https:\\\/\\\/salondebellezaainaraygina.com\\\/\",\"url\":\"https:\\\/\\\/salondebellezaainaraygina.com\\\/\",\"name\":\"Inicio - Sal\u00f3n de belleza Gina \\\/ Ainara\",\"isPartOf\":{\"@id\":\"https:\\\/\\\/salondebellezaainaraygina.com\\\/#website\"},\"primaryImageOfPage\":{\"@id\":\"https:\\\/\\\/salondebellezaainaraygina.com\\\/#primaryimage\"},\"image\":{\"@id\":\"https:\\\/\\\/salondebellezaainaraygina.com\\\/#primaryimage\"},\"thumbnailUrl\":\"https:\\\/\\\/salondebellezaainaraygina.com\\\/wp-content\\\/uploads\\\/2025\\\/06\\\/IMG_2598-Gina-Melisa-Echeverry-alvarez-scaled.jpeg\",\"datePublished\":\"2025-06-03T07:50:42+00:00\",\"dateModified\":\"2025-06-13T08:37:10+00:00\",\"breadcrumb\":{\"@id\":\"https:\\\/\\\/salondebellezaainaraygina.com\\\/#breadcrumb\"},\"inLanguage\":\"eu\",\"potentialAction\":[{\"@type\":\"ReadAction\",\"target\":[\"https:\\\/\\\/salondebellezaainaraygina.com\\\/\"]}]},{\"@type\":\"ImageObject\",\"inLanguage\":\"eu\",\"@id\":\"https:\\\/\\\/salondebellezaainaraygina.com\\\/#primaryimage\",\"url\":\"https:\\\/\\\/salondebellezaainaraygina.com\\\/wp-content\\\/uploads\\\/2025\\\/06\\\/IMG_2598-Gina-Melisa-Echeverry-alvarez-scaled.jpeg\",\"contentUrl\":\"https:\\\/\\\/salondebellezaainaraygina.com\\\/wp-content\\\/uploads\\\/2025\\\/06\\\/IMG_2598-Gina-Melisa-Echeverry-alvarez-scaled.jpeg\"},{\"@type\":\"BreadcrumbList\",\"@id\":\"https:\\\/\\\/salondebellezaainaraygina.com\\\/#breadcrumb\",\"itemListElement\":[{\"@type\":\"ListItem\",\"position\":1,\"name\":\"Portada\",\"item\":\"https:\\\/\\\/salondebellezaainaraygina.com\\\/\"},{\"@type\":\"ListItem\",\"position\":2,\"name\":\"Inicio\"}]},{\"@type\":\"WebSite\",\"@id\":\"https:\\\/\\\/salondebellezaainaraygina.com\\\/#website\",\"url\":\"https:\\\/\\\/salondebellezaainaraygina.com\\\/\",\"name\":\"Sal\u00f3n de belleza Gina \\\/ Ainara\",\"description\":\"Sal\u00f3n de belleza Gina \\\/ Ainara\",\"publisher\":{\"@id\":\"https:\\\/\\\/salondebellezaainaraygina.com\\\/#organization\"},\"potentialAction\":[{\"@type\":\"SearchAction\",\"target\":{\"@type\":\"EntryPoint\",\"urlTemplate\":\"https:\\\/\\\/salondebellezaainaraygina.com\\\/?s={search_term_string}\"},\"query-input\":{\"@type\":\"PropertyValueSpecification\",\"valueRequired\":true,\"valueName\":\"search_term_string\"}}],\"inLanguage\":\"eu\"},{\"@type\":\"Organization\",\"@id\":\"https:\\\/\\\/salondebellezaainaraygina.com\\\/#organization\",\"name\":\"Sal\u00f3n de belleza Gina \\\/ Ainara\",\"url\":\"https:\\\/\\\/salondebellezaainaraygina.com\\\/\",\"logo\":{\"@type\":\"ImageObject\",\"inLanguage\":\"eu\",\"@id\":\"https:\\\/\\\/salondebellezaainaraygina.com\\\/#\\\/schema\\\/logo\\\/image\\\/\",\"url\":\"https:\\\/\\\/salondebellezaainaraygina.com\\\/wp-content\\\/uploads\\\/2025\\\/06\\\/cropped-cropped-cropped-tarjetas_pelu-DELANTERA-Adobe-cloud-storage.jpeg-Gina-Melisa-Echeverry-alvarez.png\",\"contentUrl\":\"https:\\\/\\\/salondebellezaainaraygina.com\\\/wp-content\\\/uploads\\\/2025\\\/06\\\/cropped-cropped-cropped-tarjetas_pelu-DELANTERA-Adobe-cloud-storage.jpeg-Gina-Melisa-Echeverry-alvarez.png\",\"width\":512,\"height\":386,\"caption\":\"Sal\u00f3n de belleza Gina \\\/ Ainara\"},\"image\":{\"@id\":\"https:\\\/\\\/salondebellezaainaraygina.com\\\/#\\\/schema\\\/logo\\\/image\\\/\"}}]}<\/script>\n<!-- \/ Yoast SEO plugin. -->","yoast_head_json":{"title":"Inicio - Sal\u00f3n de belleza Gina \/ Ainara","robots":{"index":"index","follow":"follow","max-snippet":"max-snippet:-1","max-image-preview":"max-image-preview:large","max-video-preview":"max-video-preview:-1"},"canonical":"https:\/\/salondebellezaainaraygina.com\/eu\/","og_locale":"en_US","og_type":"article","og_title":"Inicio - Sal\u00f3n de belleza Gina \/ Ainara","og_description":"Sobre nosotros El lugar adecuado para tu cabello Somos un centro de belleza comprometidas con el cuidado del cabello. Especializadas en tratamientos, corte y coloraci\u00f3n Despu\u00e9s de muchos a\u00f1os de trabajar juntas nos decidimos a fundar nuestro propio proyecto, en el a\u00f1o 2020. En el que el principal valor es el cuidado y la Salud [&hellip;]","og_url":"https:\/\/salondebellezaainaraygina.com\/eu\/","og_site_name":"Sal\u00f3n de belleza Gina \/ Ainara","article_modified_time":"2025-06-13T08:37:10+00:00","og_image":[{"url":"https:\/\/salondebellezaainaraygina.com\/wp-content\/uploads\/2025\/06\/IMG_2598-Gina-Melisa-Echeverry-alvarez-scaled.jpeg","type":"","width":"","height":""}],"twitter_card":"summary_large_image","twitter_misc":{"Est. reading time":"1 minutua"},"schema":{"@context":"https:\/\/schema.org","@graph":[{"@type":"WebPage","@id":"https:\/\/salondebellezaainaraygina.com\/","url":"https:\/\/salondebellezaainaraygina.com\/","name":"Inicio - Sal\u00f3n de belleza Gina \/ Ainara","isPartOf":{"@id":"https:\/\/salondebellezaainaraygina.com\/#website"},"primaryImageOfPage":{"@id":"https:\/\/salondebellezaainaraygina.com\/#primaryimage"},"image":{"@id":"https:\/\/salondebellezaainaraygina.com\/#primaryimage"},"thumbnailUrl":"https:\/\/salondebellezaainaraygina.com\/wp-content\/uploads\/2025\/06\/IMG_2598-Gina-Melisa-Echeverry-alvarez-scaled.jpeg","datePublished":"2025-06-03T07:50:42+00:00","dateModified":"2025-06-13T08:37:10+00:00","breadcrumb":{"@id":"https:\/\/salondebellezaainaraygina.com\/#breadcrumb"},"inLanguage":"eu","potentialAction":[{"@type":"ReadAction","target":["https:\/\/salondebellezaainaraygina.com\/"]}]},{"@type":"ImageObject","inLanguage":"eu","@id":"https:\/\/salondebellezaainaraygina.com\/#primaryimage","url":"https:\/\/salondebellezaainaraygina.com\/wp-content\/uploads\/2025\/06\/IMG_2598-Gina-Melisa-Echeverry-alvarez-scaled.jpeg","contentUrl":"https:\/\/salondebellezaainaraygina.com\/wp-content\/uploads\/2025\/06\/IMG_2598-Gina-Melisa-Echeverry-alvarez-scaled.jpeg"},{"@type":"BreadcrumbList","@id":"https:\/\/salondebellezaainaraygina.com\/#breadcrumb","itemListElement":[{"@type":"ListItem","position":1,"name":"Portada","item":"https:\/\/salondebellezaainaraygina.com\/"},{"@type":"ListItem","position":2,"name":"Inicio"}]},{"@type":"WebSite","@id":"https:\/\/salondebellezaainaraygina.com\/#website","url":"https:\/\/salondebellezaainaraygina.com\/","name":"Sal\u00f3n de belleza Gina \/ Ainara","description":"Sal\u00f3n de belleza Gina \/ Ainara","publisher":{"@id":"https:\/\/salondebellezaainaraygina.com\/#organization"},"potentialAction":[{"@type":"SearchAction","target":{"@type":"EntryPoint","urlTemplate":"https:\/\/salondebellezaainaraygina.com\/?s={search_term_string}"},"query-input":{"@type":"PropertyValueSpecification","valueRequired":true,"valueName":"search_term_string"}}],"inLanguage":"eu"},{"@type":"Organization","@id":"https:\/\/salondebellezaainaraygina.com\/#organization","name":"Sal\u00f3n de belleza Gina \/ Ainara","url":"https:\/\/salondebellezaainaraygina.com\/","logo":{"@type":"ImageObject","inLanguage":"eu","@id":"https:\/\/salondebellezaainaraygina.com\/#\/schema\/logo\/image\/","url":"https:\/\/salondebellezaainaraygina.com\/wp-content\/uploads\/2025\/06\/cropped-cropped-cropped-tarjetas_pelu-DELANTERA-Adobe-cloud-storage.jpeg-Gina-Melisa-Echeverry-alvarez.png","contentUrl":"https:\/\/salondebellezaainaraygina.com\/wp-content\/uploads\/2025\/06\/cropped-cropped-cropped-tarjetas_pelu-DELANTERA-Adobe-cloud-storage.jpeg-Gina-Melisa-Echeverry-alvarez.png","width":512,"height":386,"caption":"Sal\u00f3n de belleza Gina \/ Ainara"},"image":{"@id":"https:\/\/salondebellezaainaraygina.com\/#\/schema\/logo\/image\/"}}]}},"_links":{"self":[{"href":"https:\/\/salondebellezaainaraygina.com\/eu\/wp-json\/wp\/v2\/pages\/6","targetHints":{"allow":["GET"]}}],"collection":[{"href":"https:\/\/salondebellezaainaraygina.com\/eu\/wp-json\/wp\/v2\/pages"}],"about":[{"href":"https:\/\/salondebellezaainaraygina.com\/eu\/wp-json\/wp\/v2\/types\/page"}],"author":[{"embeddable":true,"href":"https:\/\/salondebellezaainaraygina.com\/eu\/wp-json\/wp\/v2\/users\/1"}],"replies":[{"embeddable":true,"href":"https:\/\/salondebellezaainaraygina.com\/eu\/wp-json\/wp\/v2\/comments?post=6"}],"version-history":[{"count":340,"href":"https:\/\/salondebellezaainaraygina.com\/eu\/wp-json\/wp\/v2\/pages\/6\/revisions"}],"predecessor-version":[{"id":1111,"href":"https:\/\/salondebellezaainaraygina.com\/eu\/wp-json\/wp\/v2\/pages\/6\/revisions\/1111"}],"wp:attachment":[{"href":"https:\/\/salondebellezaainaraygina.com\/eu\/wp-json\/wp\/v2\/media?parent=6"}],"curies":[{"name":"wp","href":"https:\/\/api.w.org\/{rel}","templated":true}]}}